{"id":325,"date":"2023-09-04T07:50:39","date_gmt":"2023-09-04T05:50:39","guid":{"rendered":"https:\/\/www.zinkbeere.at\/?page_id=325"},"modified":"2023-09-21T07:42:01","modified_gmt":"2023-09-21T05:42:01","slug":"impressum-datenschutzerklaerung","status":"publish","type":"page","link":"https:\/\/www.zinkbeere.at\/?page_id=325","title":{"rendered":"Impressum"},"content":{"rendered":"\n<p>Stefan Zink<br>Arnwiesen 41<br>8261 Gleisdorf<br><a href=\"tel:+436648318988\">+43 664 83 18 988<\/a><br><a href=\"m&#97;&#105;&#x6c;&#x74;o:&#98;&#108;&#x61;&#x75;e&#64;&#122;&#105;&#x6e;&#x6b;be&#101;&#x72;&#x65;&#x2e;a&#116;\">b&#108;&#97;&#x75;&#x65;&#x40;z&#105;&#110;&#x6b;&#x62;&#x65;er&#101;&#x2e;&#x61;&#x74;<\/a><\/p>\n\n\n\n<p class=\"has-medium-font-size\"><strong>Disclaimer<\/strong><\/p>\n\n\n\n<p>Wir haben auf unserer Homepage Links zu anderen Seiten im Internet gelegt. F\u00fcr all diese Links gilt: Wir m\u00f6chten ausdr\u00fccklich betonen, dass wir keinerlei Einfluss auf die Gestaltung und die Inhalte der gelinkten Seiten haben. Deshalb distanzieren wir uns hiermit ausdr\u00fccklich von allen Inhalten aller gelinkten Seiten auf dieser Homepage und machen uns ihrer Inhalte nicht zueigen. Diese Erkl\u00e4rung gilt f\u00fcr alle auf unserer Homepage angebrachten Links.<\/p>\n\n\n\n<p>Ebenso gibt es auf unseren Seiten Bereiche, wo Dritte Eintragungen vornehmen k\u00f6nnen. Wir haften weder f\u00fcr die von Dritten dargestellten Inhalte auf unseren oder anderen Seiten, noch deren Richtigkeit. Wird gegen geltendes Recht versto\u00dfen, so liegt die Verantwortung bei jenen, die die Eintragung vorgenommen haben.<\/p>\n\n\n\n<p>Alle hier verwendeten Namen, Begriffe, Zeichen und Grafiken k\u00f6nnen Marken- oder Warenzeichen im Besitze ihrer rechtlichen Eigent\u00fcmer sein. Die Rechte aller erw\u00e4hnten und benutzten Marken- und Warenzeichen liegen ausschlie\u00dflich bei deren Besitzern.<\/p>\n\n\n\n<p class=\"has-large-font-size\"><strong>Datenschutzerkl\u00e4rung<\/strong><\/p>\n\n\n\n<p class=\"has-medium-font-size\"><strong>Grundlegendes<\/strong><\/p>\n\n\n\n<p>Der Schutz Ihrer pers\u00f6nlichen Daten ist uns ein besonderes Anliegen. Wir verarbeiten Ihre Daten daher ausschlie\u00dflich auf Grundlage der geltenden gesetzlichen Bestimmungen (EU Datenschutz-Grundverordnung DSGVO, Telekommunikationsgesetz). In diesen Datenschutzinformationen informieren wir Sie \u00fcber die wichtigsten Aspekte der Datenverarbeitung im Rahmen unserer Website.<\/p>\n\n\n\n<p>Die Nutzung unserer Webseite ist in der Regel ohne die Angabe personenbezogener Daten m\u00f6glich. Sollten Sie, z.B. zum Zwecke der Kontaktaufnahme oder zum Abonnement eines Newsletters pers\u00f6nliche Daten eingeben, geben wir die notwendigen Informationen an Firmen weiter, die in unserem Auftrag Daten verarbeiten. Wir beauftragen ausschlie\u00dflich Firmen, die sich der EU Datenschutz-Grundverordnung unterwerfen.<\/p>\n\n\n\n<p class=\"has-medium-font-size\"><strong>Cookies<\/strong><\/p>\n\n\n\n<p>Unsere Website verwendet keine Cookies. Somit wird auch kein l\u00e4stiges Cookiebanner oder eine Einverst\u00e4ndnis ben\u00f6tigt. <\/p>\n\n\n\n<p class=\"has-medium-font-size\"><strong>Webserver-Protokolle<\/strong><\/p>\n\n\n\n<p>Der Server, von dem diese Webseite bereitgestellt wird, speichert Informationen die von Ihrem Browser automatisch an uns \u00fcbermittelt werden, in sogenannten Log-Files. Dies sind:<\/p>\n\n\n\n<p>Browsertyp und Browserversion<br>Verwendetes Betriebssystem<br>Referrer URL (also die Seite, von der Sie zu uns gekommen sind)<br>Die IP Adresse des zugreifenden Computers<br>Uhrzeit der Anfrage<br>Diese Daten dienen ausschlie\u00dflich der technischen \u00dcberwachung des Webservers (Auslastung, Optimierung, Fehlererkennung, Sicherheit) und sind dazu unbedingt notwendig. Sie werden nicht mit anderen Datenquellen verbunden, so dass sie sich nicht einzelnen Personen zuordnen lassen. Sie werden nach drei Monaten gel\u00f6scht.<\/p>\n\n\n\n<p class=\"has-medium-font-size\"><strong>Verschl\u00fcsselte \u00dcbertragung<\/strong><\/p>\n\n\n\n<p>Diese Webseite nutzt aus Gr\u00fcnden der Sicherheit und des Datenschutzes eine SSL Verschl\u00fcsselung, die verhindert, dass Dritte die von Ihnen eingegebenen Daten auf dem \u00dcbertragungsweg abfangen und lesen k\u00f6nnen. Sie erkennen die aktive Verschl\u00fcsselung an dem gr\u00fcnen Vorh\u00e4ngeschloss oder \u00e4hnlichen Symbolen in der Adresszeile Ihres Browsers.<\/p>\n\n\n\n<p class=\"has-medium-font-size\"><strong>Ihre Rechte<\/strong><\/p>\n\n\n\n<p>Ihnen stehen grunds\u00e4tzlich die Rechte auf Auskunft, Berichtigung, L\u00f6schung, Einschr\u00e4nkung, Daten\u00fcbertragbarkeit, Widerruf und Widerspruch zu. Wenn Sie glauben, dass die Verarbeitung Ihrer Daten gegen das Datenschutzrecht verst\u00f6\u00dft oder Ihre datenschutzrechtlichen Anspr\u00fcche sonst in einer Weise verletzt worden sind, k\u00f6nnen Sie sich bei der Aufsichtsbeh\u00f6rde beschweren. In \u00d6sterreich ist dies die Datenschutzbeh\u00f6rde.<\/p>\n","protected":false},"excerpt":{"rendered":"<p>Stefan ZinkArnwiesen 418261 Gleisdorf+43 664 83 18 988&#98;l&#x61;u&#x65;&#64;&#x7a;i&#x6e;&#107;&#x62;&#101;&#x65;&#114;&#x65;&#46;a&#116; Disclaimer Wir haben auf unserer Homepage Links zu anderen Seiten im Internet gelegt. F\u00fcr all diese Links gilt: Wir m\u00f6chten ausdr\u00fccklich betonen, dass wir keinerlei Einfluss auf die Gestaltung und die Inhalte der gelinkten Seiten haben. Deshalb distanzieren wir uns hiermit ausdr\u00fccklich von allen Inhalten aller gelinkten [&hellip;]<\/p>\n","protected":false},"author":1,"featured_media":0,"parent":0,"menu_order":0,"comment_status":"closed","ping_status":"closed","template":"","meta":{"footnotes":""},"class_list":["post-325","page","type-page","status-publish","hentry"],"_links":{"self":[{"href":"https:\/\/www.zinkbeere.at\/index.php?rest_route=\/wp\/v2\/pages\/325","targetHints":{"allow":["GET"]}}],"collection":[{"href":"https:\/\/www.zinkbeere.at\/index.php?rest_route=\/wp\/v2\/pages"}],"about":[{"href":"https:\/\/www.zinkbeere.at\/index.php?rest_route=\/wp\/v2\/types\/page"}],"author":[{"embeddable":true,"href":"https:\/\/www.zinkbeere.at\/index.php?rest_route=\/wp\/v2\/users\/1"}],"replies":[{"embeddable":true,"href":"https:\/\/www.zinkbeere.at\/index.php?rest_route=%2Fwp%2Fv2%2Fcomments&post=325"}],"version-history":[{"count":7,"href":"https:\/\/www.zinkbeere.at\/index.php?rest_route=\/wp\/v2\/pages\/325\/revisions"}],"predecessor-version":[{"id":411,"href":"https:\/\/www.zinkbeere.at\/index.php?rest_route=\/wp\/v2\/pages\/325\/revisions\/411"}],"wp:attachment":[{"href":"https:\/\/www.zinkbeere.at\/index.php?rest_route=%2Fwp%2Fv2%2Fmedia&parent=325"}],"curies":[{"name":"wp","href":"https:\/\/api.w.org\/{rel}","templated":true}]}}